{"id":737,"date":"2024-07-02T16:38:48","date_gmt":"2024-07-02T14:38:48","guid":{"rendered":"https:\/\/digitalmetrics.eu\/?page_id=737"},"modified":"2025-01-27T10:18:31","modified_gmt":"2025-01-27T09:18:31","slug":"blog","status":"publish","type":"page","link":"https:\/\/www.digitalmetrics.eu\/en\/blog\/","title":{"rendered":"Blog"},"content":{"rendered":"\t\t<div data-elementor-type=\"wp-page\" data-elementor-id=\"737\" class=\"elementor elementor-737\" data-elementor-post-type=\"page\">\n\t\t\t\t<div class=\"elementor-element elementor-element-7baad39 e-flex e-con-boxed e-con e-parent\" data-id=\"7baad39\" data-element_type=\"container\" data-e-type=\"container\">\n\t\t\t\t\t<div class=\"e-con-inner\">\n\t\t\t\t<div class=\"elementor-element elementor-element-3261f69 elementor-widget elementor-widget-image\" data-id=\"3261f69\" data-element_type=\"widget\" data-e-type=\"widget\" data-widget_type=\"image.default\">\n\t\t\t\t<div class=\"elementor-widget-container\">\n\t\t\t\t\t\t\t\t\t\t\t\t\t\t\t<img fetchpriority=\"high\" decoding=\"async\" width=\"800\" height=\"200\" src=\"https:\/\/www.digitalmetrics.eu\/wp-content\/uploads\/2024\/07\/Untitled-design-22-p3ol13iixugb1a6xeum5j8q3vlnids262qkx2zmt2w-1024x256.png\" class=\"attachment-large size-large wp-image-739\" alt=\"\" srcset=\"https:\/\/www.digitalmetrics.eu\/wp-content\/uploads\/2024\/07\/Untitled-design-22-p3ol13iixugb1a6xeum5j8q3vlnids262qkx2zmt2w-1024x256.png 1024w, https:\/\/www.digitalmetrics.eu\/wp-content\/uploads\/2024\/07\/Untitled-design-22-p3ol13iixugb1a6xeum5j8q3vlnids262qkx2zmt2w-300x75.png 300w, https:\/\/www.digitalmetrics.eu\/wp-content\/uploads\/2024\/07\/Untitled-design-22-p3ol13iixugb1a6xeum5j8q3vlnids262qkx2zmt2w-768x192.png 768w, https:\/\/www.digitalmetrics.eu\/wp-content\/uploads\/2024\/07\/Untitled-design-22-p3ol13iixugb1a6xeum5j8q3vlnids262qkx2zmt2w.png 1200w\" sizes=\"(max-width: 800px) 100vw, 800px\" \/>\t\t\t\t\t\t\t\t\t\t\t\t\t\t\t<\/div>\n\t\t\t\t<\/div>\n\t\t\t\t<div class=\"elementor-element elementor-element-c25fa90 elementor-search-form--skin-classic elementor-search-form--button-type-icon elementor-search-form--icon-search elementor-widget elementor-widget-search-form\" data-id=\"c25fa90\" data-element_type=\"widget\" data-e-type=\"widget\" data-settings=\"{&quot;skin&quot;:&quot;classic&quot;}\" data-widget_type=\"search-form.default\">\n\t\t\t\t<div class=\"elementor-widget-container\">\n\t\t\t\t\t\t\t<search role=\"search\">\n\t\t\t<form class=\"elementor-search-form\" action=\"https:\/\/www.digitalmetrics.eu\/en\" method=\"get\">\n\t\t\t\t\t\t\t\t\t\t\t\t<div class=\"elementor-search-form__container\">\n\t\t\t\t\t<label class=\"elementor-screen-only\" for=\"elementor-search-form-c25fa90\">Search<\/label>\n\n\t\t\t\t\t\n\t\t\t\t\t<input id=\"elementor-search-form-c25fa90\" placeholder=\"Cerca...\" class=\"elementor-search-form__input\" type=\"search\" name=\"s\" value=\"\">\n\t\t\t\t\t\n\t\t\t\t\t\t\t\t\t\t\t<button class=\"elementor-search-form__submit\" type=\"submit\" aria-label=\"Search\">\n\t\t\t\t\t\t\t\t\t\t\t\t\t\t\t<div class=\"e-font-icon-svg-container\"><svg class=\"fa fa-search e-font-icon-svg e-fas-search\" viewBox=\"0 0 512 512\" xmlns=\"http:\/\/www.w3.org\/2000\/svg\"><path d=\"M505 442.7L405.3 343c-4.5-4.5-10.6-7-17-7H372c27.6-35.3 44-79.7 44-128C416 93.1 322.9 0 208 0S0 93.1 0 208s93.1 208 208 208c48.3 0 92.7-16.4 128-44v16.3c0 6.4 2.5 12.5 7 17l99.7 99.7c9.4 9.4 24.6 9.4 33.9 0l28.3-28.3c9.4-9.4 9.4-24.6.1-34zM208 336c-70.7 0-128-57.2-128-128 0-70.7 57.2-128 128-128 70.7 0 128 57.2 128 128 0 70.7-57.2 128-128 128z\"><\/path><\/svg><\/div>\t\t\t\t\t\t\t\t\t\t\t\t\t<\/button>\n\t\t\t\t\t\n\t\t\t\t\t\t\t\t\t<\/div>\n\t\t\t<\/form>\n\t\t<\/search>\n\t\t\t\t\t\t<\/div>\n\t\t\t\t<\/div>\n\t\t\t\t\t<\/div>\n\t\t\t\t<\/div>\n\t\t<div class=\"elementor-element elementor-element-4d26a36 e-flex e-con-boxed e-con e-parent\" data-id=\"4d26a36\" data-element_type=\"container\" data-e-type=\"container\">\n\t\t\t\t\t<div class=\"e-con-inner\">\n\t\t<div class=\"elementor-element elementor-element-b1ac5c5 e-con-full e-flex e-con e-child\" data-id=\"b1ac5c5\" data-element_type=\"container\" data-e-type=\"container\">\n\t\t\t\t<div class=\"elementor-element elementor-element-67cfbce elementor-grid-2 elementor-grid-tablet-2 elementor-grid-mobile-1 elementor-posts--thumbnail-top elementor-card-shadow-yes elementor-posts__hover-gradient elementor-widget elementor-widget-posts\" data-id=\"67cfbce\" data-element_type=\"widget\" data-e-type=\"widget\" data-settings=\"{&quot;cards_columns&quot;:&quot;2&quot;,&quot;pagination_type&quot;:&quot;numbers&quot;,&quot;cards_columns_tablet&quot;:&quot;2&quot;,&quot;cards_columns_mobile&quot;:&quot;1&quot;,&quot;cards_row_gap&quot;:{&quot;unit&quot;:&quot;px&quot;,&quot;size&quot;:35,&quot;sizes&quot;:[]},&quot;cards_row_gap_tablet&quot;:{&quot;unit&quot;:&quot;px&quot;,&quot;size&quot;:&quot;&quot;,&quot;sizes&quot;:[]},&quot;cards_row_gap_mobile&quot;:{&quot;unit&quot;:&quot;px&quot;,&quot;size&quot;:&quot;&quot;,&quot;sizes&quot;:[]}}\" data-widget_type=\"posts.cards\">\n\t\t\t\t<div class=\"elementor-widget-container\">\n\t\t\t\t\t\t\t<div class=\"elementor-posts-container elementor-posts elementor-posts--skin-cards elementor-grid\" role=\"list\">\n\t\t\t\t<article class=\"elementor-post elementor-grid-item post-1876 post type-post status-publish format-standard hentry category-senza-categoria tag-blog\" role=\"listitem\">\n\t\t\t<div class=\"elementor-post__card\">\n\t\t\t\t<div class=\"elementor-post__text\">\n\t\t\t\t<h3 class=\"elementor-post__title\">\n\t\t\t<a href=\"https:\/\/www.digitalmetrics.eu\/en\/2024\/09\/23\/customer-care-automation-un-efficace-alleato-che-lavora-per-te-24x7\/\" >\n\t\t\t\tCustomer Care Automation: un efficace alleato che lavora per te 24\u00d77\t\t\t<\/a>\n\t\t<\/h3>\n\t\t\t\t<div class=\"elementor-post__excerpt\">\n\t\t\t<p>Customer Care Automation: un efficace alleato che lavora per te 24\u00d77 Come attirare traffico sul sito L\u2019emergenza sanitaria del Coronavirus ha colto tutti impreparati: brand, istituzioni e cittadini si sono trovati da un giorno all\u2019altro ad affrontare un cambiamento epocale. Da una parte le aziende (a corto di personale) correvano<\/p>\n\t\t<\/div>\n\t\t\n\t\t<a class=\"elementor-post__read-more\" href=\"https:\/\/www.digitalmetrics.eu\/en\/2024\/09\/23\/customer-care-automation-un-efficace-alleato-che-lavora-per-te-24x7\/\" aria-label=\"Read more about Customer Care Automation: un efficace alleato che lavora per te 24\u00d77\" tabindex=\"-1\" >\n\t\t\tLeggi Tutto \u00bb\t\t<\/a>\n\n\t\t\t\t<\/div>\n\t\t\t\t<div class=\"elementor-post__meta-data\">\n\t\t\t\t\t<span class=\"elementor-post-date\">\n\t\t\t23 September 2024\t\t<\/span>\n\t\t\t\t<\/div>\n\t\t\t\t\t<\/div>\n\t\t<\/article>\n\t\t\t\t<article class=\"elementor-post elementor-grid-item post-1870 post type-post status-publish format-standard hentry category-email-marketing tag-blog\" role=\"listitem\">\n\t\t\t<div class=\"elementor-post__card\">\n\t\t\t\t<div class=\"elementor-post__text\">\n\t\t\t\t<h3 class=\"elementor-post__title\">\n\t\t\t<a href=\"https:\/\/www.digitalmetrics.eu\/en\/2024\/09\/23\/5-errori-da-evitare-sulla-tua-landing-page\/\" >\n\t\t\t\tLa Campagna non converte: 5 errori da evitare sulla tua Landing Page\t\t\t<\/a>\n\t\t<\/h3>\n\t\t\t\t<div class=\"elementor-post__excerpt\">\n\t\t\t<p>La Campagna non converte: 5 errori da evitare sulla tua Landing Page La Campagna non converte: 5 errori da evitare sulla tua Landing Page Dopo il click, il tuo utente verr\u00e0 proiettato sulla pagina dove \u00e8 pubblicato il tuo annuncio: la Landing page. \u00c8 questo il momento della verit\u00e0. Qualunque<\/p>\n\t\t<\/div>\n\t\t\n\t\t<a class=\"elementor-post__read-more\" href=\"https:\/\/www.digitalmetrics.eu\/en\/2024\/09\/23\/5-errori-da-evitare-sulla-tua-landing-page\/\" aria-label=\"Read more about La Campagna non converte: 5 errori da evitare sulla tua Landing Page\" tabindex=\"-1\" >\n\t\t\tLeggi Tutto \u00bb\t\t<\/a>\n\n\t\t\t\t<\/div>\n\t\t\t\t<div class=\"elementor-post__meta-data\">\n\t\t\t\t\t<span class=\"elementor-post-date\">\n\t\t\t23 September 2024\t\t<\/span>\n\t\t\t\t<\/div>\n\t\t\t\t\t<\/div>\n\t\t<\/article>\n\t\t\t\t<article class=\"elementor-post elementor-grid-item post-1860 post type-post status-publish format-standard hentry category-senza-categoria tag-blog\" role=\"listitem\">\n\t\t\t<div class=\"elementor-post__card\">\n\t\t\t\t<div class=\"elementor-post__text\">\n\t\t\t\t<h3 class=\"elementor-post__title\">\n\t\t\t<a href=\"https:\/\/www.digitalmetrics.eu\/en\/2024\/09\/23\/esternalizzare-il-marketing-digitale-fa-bene-allimpresa\/\" >\n\t\t\t\tEsternalizzare il Marketing Digitale fa bene all\u2019impresa\t\t\t<\/a>\n\t\t<\/h3>\n\t\t\t\t<div class=\"elementor-post__excerpt\">\n\t\t\t<p>Esternalizzare il Marketing Digitale fa bene all\u2019impresa Affida le tue attivit\u00e0 di Marketing Digitale ad un partner altamente qualificato e libera risorse interne da dedicare al tuo core-business. Ricorrere a partner esterni affidabili e specializzati consente di: \u2714\ufe0f ridurre i costi fissi, gestionali; \u2714\ufe0f aumentare la performance delle attivit\u00e0. In<\/p>\n\t\t<\/div>\n\t\t\n\t\t<a class=\"elementor-post__read-more\" href=\"https:\/\/www.digitalmetrics.eu\/en\/2024\/09\/23\/esternalizzare-il-marketing-digitale-fa-bene-allimpresa\/\" aria-label=\"Read more about Esternalizzare il Marketing Digitale fa bene all\u2019impresa\" tabindex=\"-1\" >\n\t\t\tLeggi Tutto \u00bb\t\t<\/a>\n\n\t\t\t\t<\/div>\n\t\t\t\t<div class=\"elementor-post__meta-data\">\n\t\t\t\t\t<span class=\"elementor-post-date\">\n\t\t\t23 September 2024\t\t<\/span>\n\t\t\t\t<\/div>\n\t\t\t\t\t<\/div>\n\t\t<\/article>\n\t\t\t\t<article class=\"elementor-post elementor-grid-item post-1854 post type-post status-publish format-standard hentry category-telemarketing tag-blog\" role=\"listitem\">\n\t\t\t<div class=\"elementor-post__card\">\n\t\t\t\t<div class=\"elementor-post__text\">\n\t\t\t\t<h3 class=\"elementor-post__title\">\n\t\t\t<a href=\"https:\/\/www.digitalmetrics.eu\/en\/2024\/09\/23\/telemarketing-promosso-ma-solo-se-con-un-buon-voto-in-condotta\/\" >\n\t\t\t\tTelemarketing: PROMOSSO, ma solo se con un buon voto in condotta\t\t\t<\/a>\n\t\t<\/h3>\n\t\t\t\t<div class=\"elementor-post__excerpt\">\n\t\t\t<p>Telemarketing: PROMOSSO, ma solo se con un buon voto in condotta Il Telemarketing \u00e8 forse il pi\u00f9 celebre strumento di marketing diretto che conosciamo. Allo stesso tempo \u00e8 anche quello pi\u00f9 \u201cinvasivo\u201d per la privacy. La chiamata viene percepita come una vera e propria intrusione nel nostro quieto vivere. Diversamente<\/p>\n\t\t<\/div>\n\t\t\n\t\t<a class=\"elementor-post__read-more\" href=\"https:\/\/www.digitalmetrics.eu\/en\/2024\/09\/23\/telemarketing-promosso-ma-solo-se-con-un-buon-voto-in-condotta\/\" aria-label=\"Read more about Telemarketing: PROMOSSO, ma solo se con un buon voto in condotta\" tabindex=\"-1\" >\n\t\t\tLeggi Tutto \u00bb\t\t<\/a>\n\n\t\t\t\t<\/div>\n\t\t\t\t<div class=\"elementor-post__meta-data\">\n\t\t\t\t\t<span class=\"elementor-post-date\">\n\t\t\t23 September 2024\t\t<\/span>\n\t\t\t\t<\/div>\n\t\t\t\t\t<\/div>\n\t\t<\/article>\n\t\t\t\t<article class=\"elementor-post elementor-grid-item post-1816 post type-post status-publish format-standard hentry category-senza-categoria tag-blog\" role=\"listitem\">\n\t\t\t<div class=\"elementor-post__card\">\n\t\t\t\t<div class=\"elementor-post__text\">\n\t\t\t\t<h3 class=\"elementor-post__title\">\n\t\t\t<a href=\"https:\/\/www.digitalmetrics.eu\/en\/2024\/09\/23\/sms-marketing-per-le-promozioni-in-negozio\/\" >\n\t\t\t\tSMS Marketing per le promozioni in negozio\t\t\t<\/a>\n\t\t<\/h3>\n\t\t\t\t<div class=\"elementor-post__excerpt\">\n\t\t\t<p>SMS Marketing per le promozioni in negozio \u200b Per le attivit\u00e0 commerciali le promozioni in negozio sono una preziosa occasione per risollevare le vendite. E quindi dobbiamo sfruttarle al meglio facendolo sapere ai clienti. E se si potessero raggiungere migliaia di potenziali clienti, di zona, per promuovere i propri saldi<\/p>\n\t\t<\/div>\n\t\t\n\t\t<a class=\"elementor-post__read-more\" href=\"https:\/\/www.digitalmetrics.eu\/en\/2024\/09\/23\/sms-marketing-per-le-promozioni-in-negozio\/\" aria-label=\"Read more about SMS Marketing per le promozioni in negozio\" tabindex=\"-1\" >\n\t\t\tLeggi Tutto \u00bb\t\t<\/a>\n\n\t\t\t\t<\/div>\n\t\t\t\t<div class=\"elementor-post__meta-data\">\n\t\t\t\t\t<span class=\"elementor-post-date\">\n\t\t\t23 September 2024\t\t<\/span>\n\t\t\t\t<\/div>\n\t\t\t\t\t<\/div>\n\t\t<\/article>\n\t\t\t\t<article class=\"elementor-post elementor-grid-item post-1805 post type-post status-publish format-standard hentry category-email-marketing tag-blog\" role=\"listitem\">\n\t\t\t<div class=\"elementor-post__card\">\n\t\t\t\t<div class=\"elementor-post__text\">\n\t\t\t\t<h3 class=\"elementor-post__title\">\n\t\t\t<a href=\"https:\/\/www.digitalmetrics.eu\/en\/2024\/09\/23\/accelerated-mobile-pages\/\" >\n\t\t\t\tAccelerated Mobile Pages\t\t\t<\/a>\n\t\t<\/h3>\n\t\t\t\t<div class=\"elementor-post__excerpt\">\n\t\t\t<p>Accelerated Mobile Pages Il futuro dell\u2019Email marketing si chiama AMP (Accelerated Mobile Pages) Qualche anno fa, nel 2015, Google promuove e lancia il progetto Google AMP. AMP \u00e8 l\u2019acronimo di Accelerated Mobile Pages, espressione che in italiano significa letteralmente \u201cpagine accelerate per il mobile\u201d. Come si pu\u00f2 intuire dall\u2019acronimo stesso,<\/p>\n\t\t<\/div>\n\t\t\n\t\t<a class=\"elementor-post__read-more\" href=\"https:\/\/www.digitalmetrics.eu\/en\/2024\/09\/23\/accelerated-mobile-pages\/\" aria-label=\"Read more about Accelerated Mobile Pages\" tabindex=\"-1\" >\n\t\t\tLeggi Tutto \u00bb\t\t<\/a>\n\n\t\t\t\t<\/div>\n\t\t\t\t<div class=\"elementor-post__meta-data\">\n\t\t\t\t\t<span class=\"elementor-post-date\">\n\t\t\t23 September 2024\t\t<\/span>\n\t\t\t\t<\/div>\n\t\t\t\t\t<\/div>\n\t\t<\/article>\n\t\t\t\t<\/div>\n\t\t\n\t\t\t\t<div class=\"e-load-more-anchor\" data-page=\"1\" data-max-page=\"5\" data-next-page=\"https:\/\/www.digitalmetrics.eu\/en\/wp-json\/wp\/v2\/pages\/737\/page\/2\/\"><\/div>\n\t\t\t\t<nav class=\"elementor-pagination\" aria-label=\"Pagination\">\n\t\t\t<span aria-current=\"page\" class=\"page-numbers current\"><span class=\"elementor-screen-only\">Page<\/span>1<\/span>\n<a class=\"page-numbers\" href=\"https:\/\/www.digitalmetrics.eu\/en\/wp-json\/wp\/v2\/pages\/737\/page\/2\/\"><span class=\"elementor-screen-only\">Page<\/span>2<\/a>\n<a class=\"page-numbers\" href=\"https:\/\/www.digitalmetrics.eu\/en\/wp-json\/wp\/v2\/pages\/737\/page\/3\/\"><span class=\"elementor-screen-only\">Page<\/span>3<\/a>\n<a class=\"page-numbers\" href=\"https:\/\/www.digitalmetrics.eu\/en\/wp-json\/wp\/v2\/pages\/737\/page\/4\/\"><span class=\"elementor-screen-only\">Page<\/span>4<\/a>\n<a class=\"page-numbers\" href=\"https:\/\/www.digitalmetrics.eu\/en\/wp-json\/wp\/v2\/pages\/737\/page\/5\/\"><span class=\"elementor-screen-only\">Page<\/span>5<\/a>\t\t<\/nav>\n\t\t\t\t\t\t<\/div>\n\t\t\t\t<\/div>\n\t\t\t\t<\/div>\n\t\t<div class=\"elementor-element elementor-element-15e7a05 e-con-full e-flex e-con e-child\" data-id=\"15e7a05\" data-element_type=\"container\" data-e-type=\"container\">\n\t\t\t\t<div class=\"elementor-element elementor-element-35be0fb elementor-widget elementor-widget-image\" data-id=\"35be0fb\" data-element_type=\"widget\" data-e-type=\"widget\" data-widget_type=\"image.default\">\n\t\t\t\t<div class=\"elementor-widget-container\">\n\t\t\t\t\t\t\t\t\t\t\t\t\t\t\t<img decoding=\"async\" width=\"150\" height=\"150\" src=\"https:\/\/www.digitalmetrics.eu\/wp-content\/uploads\/2024\/07\/gif-newsletter-150x150-1.gif\" class=\"attachment-large size-large wp-image-740\" alt=\"\" \/>\t\t\t\t\t\t\t\t\t\t\t\t\t\t\t<\/div>\n\t\t\t\t<\/div>\n\t\t\t\t<div class=\"elementor-element elementor-element-2dca86d elementor-widget elementor-widget-heading\" data-id=\"2dca86d\" data-element_type=\"widget\" data-e-type=\"widget\" data-widget_type=\"heading.default\">\n\t\t\t\t<div class=\"elementor-widget-container\">\n\t\t\t\t\t<h2 class=\"elementor-heading-title elementor-size-default\">Resta aggiornato!<\/h2>\t\t\t\t<\/div>\n\t\t\t\t<\/div>\n\t\t\t\t<div class=\"elementor-element elementor-element-c1dd95f elementor-widget elementor-widget-heading\" data-id=\"c1dd95f\" data-element_type=\"widget\" data-e-type=\"widget\" data-widget_type=\"heading.default\">\n\t\t\t\t<div class=\"elementor-widget-container\">\n\t\t\t\t\t<h2 class=\"elementor-heading-title elementor-size-default\">Iscrivi alla nostra Newsletter mensile per non perderti le ultime notizie!<\/h2>\t\t\t\t<\/div>\n\t\t\t\t<\/div>\n\t\t\t\t<div class=\"elementor-element elementor-element-062917c elementor-button-align-stretch elementor-widget elementor-widget-form\" data-id=\"062917c\" data-element_type=\"widget\" data-e-type=\"widget\" data-settings=\"{&quot;step_next_label&quot;:&quot;Successivo&quot;,&quot;step_previous_label&quot;:&quot;Precedente&quot;,&quot;button_width&quot;:&quot;100&quot;,&quot;step_type&quot;:&quot;number_text&quot;,&quot;step_icon_shape&quot;:&quot;circle&quot;}\" data-widget_type=\"form.default\">\n\t\t\t\t<div class=\"elementor-widget-container\">\n\t\t\t\t\t\t\t<form class=\"elementor-form\" method=\"post\" name=\"Iscrizione da popup\" aria-label=\"Iscrizione da popup\">\n\t\t\t<input type=\"hidden\" name=\"post_id\" value=\"737\"\/>\n\t\t\t<input type=\"hidden\" name=\"form_id\" value=\"062917c\"\/>\n\t\t\t<input type=\"hidden\" name=\"referer_title\" value=\"Blog\" \/>\n\n\t\t\t\t\t\t\t<input type=\"hidden\" name=\"queried_id\" value=\"737\"\/>\n\t\t\t\n\t\t\t<div class=\"elementor-form-fields-wrapper elementor-labels-above\">\n\t\t\t\t\t\t\t\t<div class=\"elementor-field-type-text elementor-field-group elementor-column elementor-field-group-name elementor-col-100\">\n\t\t\t\t\t\t\t\t\t\t\t\t<label for=\"form-field-name\" class=\"elementor-field-label\">\n\t\t\t\t\t\t\t\tNome e Cognome\t\t\t\t\t\t\t<\/label>\n\t\t\t\t\t\t\t\t\t\t\t\t\t\t<input size=\"1\" type=\"text\" name=\"form_fields[name]\" id=\"form-field-name\" class=\"elementor-field elementor-size-sm  elementor-field-textual\" placeholder=\"Nome e Cognome\">\n\t\t\t\t\t\t\t\t\t\t\t<\/div>\n\t\t\t\t\t\t\t\t<div class=\"elementor-field-type-email elementor-field-group elementor-column elementor-field-group-email elementor-col-100 elementor-field-required\">\n\t\t\t\t\t\t\t\t\t\t\t\t<label for=\"form-field-email\" class=\"elementor-field-label\">\n\t\t\t\t\t\t\t\tEmail\t\t\t\t\t\t\t<\/label>\n\t\t\t\t\t\t\t\t\t\t\t\t\t\t<input size=\"1\" type=\"email\" name=\"form_fields[email]\" id=\"form-field-email\" class=\"elementor-field elementor-size-sm  elementor-field-textual\" placeholder=\"Email\" required=\"required\">\n\t\t\t\t\t\t\t\t\t\t\t<\/div>\n\t\t\t\t\t\t\t\t<div class=\"elementor-field-type-text elementor-field-group elementor-column elementor-field-group-companyname elementor-col-100\">\n\t\t\t\t\t\t\t\t\t\t\t\t<label for=\"form-field-companyname\" class=\"elementor-field-label\">\n\t\t\t\t\t\t\t\tAzienda\t\t\t\t\t\t\t<\/label>\n\t\t\t\t\t\t\t\t\t\t\t\t\t\t<input size=\"1\" type=\"text\" name=\"form_fields[companyname]\" id=\"form-field-companyname\" class=\"elementor-field elementor-size-sm  elementor-field-textual\" placeholder=\"Azienda\">\n\t\t\t\t\t\t\t\t\t\t\t<\/div>\n\t\t\t\t\t\t\t\t<div class=\"elementor-field-type-acceptance elementor-field-group elementor-column elementor-field-group-field_63f5dc7 elementor-col-100 elementor-field-required\">\n\t\t\t\t\t\t\t<div class=\"elementor-field-subgroup\">\n\t\t\t<span class=\"elementor-field-option\">\n\t\t\t\t<input type=\"checkbox\" name=\"form_fields[field_63f5dc7]\" id=\"form-field-field_63f5dc7\" class=\"elementor-field elementor-size-sm  elementor-acceptance-field\" required=\"required\">\n\t\t\t\t<label for=\"form-field-field_63f5dc7\"><span style=\"color:#696969\">Confermo di aver letto l'<a style=\"color:#696969; font-weight: bold;\" href=\"https:\/\/www.digitalmetrics.eu\/informativa-sulla-privacy-cookies-policy\/\" target=\"_blank\">Informativa Privacy<\/a>.<\/span><\/label>\t\t\t<\/span>\n\t\t<\/div>\n\t\t\t\t\t\t<\/div>\n\t\t\t\t\t\t\t\t<div class=\"elementor-field-group elementor-column elementor-field-type-submit elementor-col-100 e-form__buttons\">\n\t\t\t\t\t<button class=\"elementor-button elementor-size-sm\" type=\"submit\">\n\t\t\t\t\t\t<span class=\"elementor-button-content-wrapper\">\n\t\t\t\t\t\t\t\t\t\t\t\t\t\t\t\t\t\t\t\t\t\t<span class=\"elementor-button-text\">Invia<\/span>\n\t\t\t\t\t\t\t\t\t\t\t\t\t<\/span>\n\t\t\t\t\t<\/button>\n\t\t\t\t<\/div>\n\t\t\t<\/div>\n\t\t<\/form>\n\t\t\t\t\t\t<\/div>\n\t\t\t\t<\/div>\n\t\t\t\t<\/div>\n\t\t\t\t\t<\/div>\n\t\t\t\t<\/div>\n\t\t\t\t<\/div>\n\t\t","protected":false},"excerpt":{"rendered":"<p>Resta aggiornato! Iscrivi alla nostra Newsletter mensile per non perderti le ultime notizie!<\/p>","protected":false},"author":1,"featured_media":0,"parent":0,"menu_order":0,"comment_status":"closed","ping_status":"closed","template":"","meta":{"footnotes":""},"class_list":["post-737","page","type-page","status-publish","hentry"],"_links":{"self":[{"href":"https:\/\/www.digitalmetrics.eu\/en\/wp-json\/wp\/v2\/pages\/737","targetHints":{"allow":["GET"]}}],"collection":[{"href":"https:\/\/www.digitalmetrics.eu\/en\/wp-json\/wp\/v2\/pages"}],"about":[{"href":"https:\/\/www.digitalmetrics.eu\/en\/wp-json\/wp\/v2\/types\/page"}],"author":[{"embeddable":true,"href":"https:\/\/www.digitalmetrics.eu\/en\/wp-json\/wp\/v2\/users\/1"}],"replies":[{"embeddable":true,"href":"https:\/\/www.digitalmetrics.eu\/en\/wp-json\/wp\/v2\/comments?post=737"}],"version-history":[{"count":32,"href":"https:\/\/www.digitalmetrics.eu\/en\/wp-json\/wp\/v2\/pages\/737\/revisions"}],"predecessor-version":[{"id":2402,"href":"https:\/\/www.digitalmetrics.eu\/en\/wp-json\/wp\/v2\/pages\/737\/revisions\/2402"}],"wp:attachment":[{"href":"https:\/\/www.digitalmetrics.eu\/en\/wp-json\/wp\/v2\/media?parent=737"}],"curies":[{"name":"wp","href":"https:\/\/api.w.org\/{rel}","templated":true}]}}